{"id":726,"date":"2019-09-13T10:32:42","date_gmt":"2019-09-13T14:32:42","guid":{"rendered":"https:\/\/diazpino.com.ve\/wp\/?page_id=726"},"modified":"2024-04-25T11:04:01","modified_gmt":"2024-04-25T15:04:01","slug":"guias","status":"publish","type":"page","link":"https:\/\/diazpino.com.ve\/wp\/guias\/","title":{"rendered":"Gu\u00edas Derecho Laboral"},"content":{"rendered":"\n<p>Actualizaci\u00f3n f\u00e1cil y r\u00e1pida en derecho laboral venezolano. Si eres profesional en derecho, Recursos Humanos, administraci\u00f3n, empresario o emprendedor y quieres aprender cuales son tus obligaciones como empleador estas gu\u00edas son para ti. <\/p>\n","protected":false},"excerpt":{"rendered":"<p>Actualizaci\u00f3n f\u00e1cil y r\u00e1pida en derecho laboral venezolano. Si eres profesional en derecho, Recursos Humanos, administraci\u00f3n, empresario o emprendedor y quieres aprender cuales son tus obligaciones<span class=\"excerpt-hellip\"> [\u2026]<\/span><\/p>\n","protected":false},"author":1,"featured_media":0,"parent":0,"menu_order":0,"comment_status":"closed","ping_status":"closed","template":"","meta":{"footnotes":""},"yoast_head":"<!-- This site is optimized with the Yoast SEO plugin v22.6 - https:\/\/yoast.com\/wordpress\/plugins\/seo\/ -->\n<title>Gu\u00edas Derecho Laboral actualizaci\u00f3n en derecho laboral Venezuela<\/title>\n<meta name=\"description\" content=\"Estas gu\u00edas contienen el resumen m\u00e1s completo y actualizado de derecho laboral en Venezuela. Facilitamos tu formaci\u00f3n o actualizaci\u00f3n en derecho laboral\" \/>\n<meta name=\"robots\" content=\"index, follow, max-snippet:-1, max-image-preview:large, max-video-preview:-1\" \/>\n<link rel=\"canonical\" href=\"https:\/\/diazpino.com.ve\/wp\/guias\/\" \/>\n<meta property=\"og:locale\" content=\"es_ES\" \/>\n<meta property=\"og:type\" content=\"article\" \/>\n<meta property=\"og:title\" content=\"Gu\u00edas Derecho Laboral actualizaci\u00f3n en derecho laboral Venezuela\" \/>\n<meta property=\"og:description\" content=\"Estas gu\u00edas contienen el resumen m\u00e1s completo y actualizado de derecho laboral en Venezuela. Facilitamos tu formaci\u00f3n o actualizaci\u00f3n en derecho laboral\" \/>\n<meta property=\"og:url\" content=\"https:\/\/diazpino.com.ve\/wp\/guias\/\" \/>\n<meta property=\"og:site_name\" content=\"D\u00cdAZ PINO &amp; Asociados\" \/>\n<meta property=\"article:publisher\" content=\"https:\/\/www.facebook.com\/diazpinoyasociados\" \/>\n<meta property=\"article:modified_time\" content=\"2024-04-25T15:04:01+00:00\" \/>\n<meta name=\"twitter:card\" content=\"summary_large_image\" \/>\n<meta name=\"twitter:site\" content=\"@empleadoraldia\" \/>\n<script type=\"application\/ld+json\" class=\"yoast-schema-graph\">{\"@context\":\"https:\/\/schema.org\",\"@graph\":[{\"@type\":\"WebPage\",\"@id\":\"https:\/\/diazpino.com.ve\/wp\/guias\/\",\"url\":\"https:\/\/diazpino.com.ve\/wp\/guias\/\",\"name\":\"Gu\u00edas Derecho Laboral actualizaci\u00f3n en derecho laboral Venezuela\",\"isPartOf\":{\"@id\":\"https:\/\/diazpino.com.ve\/wp\/#website\"},\"datePublished\":\"2019-09-13T14:32:42+00:00\",\"dateModified\":\"2024-04-25T15:04:01+00:00\",\"description\":\"Estas gu\u00edas contienen el resumen m\u00e1s completo y actualizado de derecho laboral en Venezuela. Facilitamos tu formaci\u00f3n o actualizaci\u00f3n en derecho laboral\",\"breadcrumb\":{\"@id\":\"https:\/\/diazpino.com.ve\/wp\/guias\/#breadcrumb\"},\"inLanguage\":\"es\",\"potentialAction\":[{\"@type\":\"ReadAction\",\"target\":[\"https:\/\/diazpino.com.ve\/wp\/guias\/\"]}]},{\"@type\":\"BreadcrumbList\",\"@id\":\"https:\/\/diazpino.com.ve\/wp\/guias\/#breadcrumb\",\"itemListElement\":[{\"@type\":\"ListItem\",\"position\":1,\"name\":\"Home\",\"item\":\"https:\/\/diazpino.com.ve\/wp\/\"},{\"@type\":\"ListItem\",\"position\":2,\"name\":\"Gu\u00edas Derecho Laboral\"}]},{\"@type\":\"WebSite\",\"@id\":\"https:\/\/diazpino.com.ve\/wp\/#website\",\"url\":\"https:\/\/diazpino.com.ve\/wp\/\",\"name\":\"D\u00cdAZ PINO\",\"description\":\"Asesores Laborales\",\"publisher\":{\"@id\":\"https:\/\/diazpino.com.ve\/wp\/#organization\"},\"potentialAction\":[{\"@type\":\"SearchAction\",\"target\":{\"@type\":\"EntryPoint\",\"urlTemplate\":\"https:\/\/diazpino.com.ve\/wp\/?s={search_term_string}\"},\"query-input\":\"required name=search_term_string\"}],\"inLanguage\":\"es\"},{\"@type\":\"Organization\",\"@id\":\"https:\/\/diazpino.com.ve\/wp\/#organization\",\"name\":\"D\u00cdAZ PINO\",\"url\":\"https:\/\/diazpino.com.ve\/wp\/\",\"logo\":{\"@type\":\"ImageObject\",\"inLanguage\":\"es\",\"@id\":\"https:\/\/diazpino.com.ve\/wp\/#\/schema\/logo\/image\/\",\"url\":\"https:\/\/diazpino.com.ve\/wp\/wp-content\/uploads\/2020\/04\/cropped-Logo-DPA-transparente-Color.png\",\"contentUrl\":\"https:\/\/diazpino.com.ve\/wp\/wp-content\/uploads\/2020\/04\/cropped-Logo-DPA-transparente-Color.png\",\"width\":373,\"height\":487,\"caption\":\"D\u00cdAZ PINO\"},\"image\":{\"@id\":\"https:\/\/diazpino.com.ve\/wp\/#\/schema\/logo\/image\/\"},\"sameAs\":[\"https:\/\/www.facebook.com\/diazpinoyasociados\",\"https:\/\/x.com\/empleadoraldia\",\"https:\/\/www.instagram.com\/diazpinoyasociados\/\",\"https:\/\/www.linkedin.com\/in\/d\u00edazpino\"]}]}<\/script>\n<!-- \/ Yoast SEO plugin. -->","yoast_head_json":{"title":"Gu\u00edas Derecho Laboral actualizaci\u00f3n en derecho laboral Venezuela","description":"Estas gu\u00edas contienen el resumen m\u00e1s completo y actualizado de derecho laboral en Venezuela. Facilitamos tu formaci\u00f3n o actualizaci\u00f3n en derecho laboral","robots":{"index":"index","follow":"follow","max-snippet":"max-snippet:-1","max-image-preview":"max-image-preview:large","max-video-preview":"max-video-preview:-1"},"canonical":"https:\/\/diazpino.com.ve\/wp\/guias\/","og_locale":"es_ES","og_type":"article","og_title":"Gu\u00edas Derecho Laboral actualizaci\u00f3n en derecho laboral Venezuela","og_description":"Estas gu\u00edas contienen el resumen m\u00e1s completo y actualizado de derecho laboral en Venezuela. Facilitamos tu formaci\u00f3n o actualizaci\u00f3n en derecho laboral","og_url":"https:\/\/diazpino.com.ve\/wp\/guias\/","og_site_name":"D\u00cdAZ PINO &amp; Asociados","article_publisher":"https:\/\/www.facebook.com\/diazpinoyasociados","article_modified_time":"2024-04-25T15:04:01+00:00","twitter_card":"summary_large_image","twitter_site":"@empleadoraldia","schema":{"@context":"https:\/\/schema.org","@graph":[{"@type":"WebPage","@id":"https:\/\/diazpino.com.ve\/wp\/guias\/","url":"https:\/\/diazpino.com.ve\/wp\/guias\/","name":"Gu\u00edas Derecho Laboral actualizaci\u00f3n en derecho laboral Venezuela","isPartOf":{"@id":"https:\/\/diazpino.com.ve\/wp\/#website"},"datePublished":"2019-09-13T14:32:42+00:00","dateModified":"2024-04-25T15:04:01+00:00","description":"Estas gu\u00edas contienen el resumen m\u00e1s completo y actualizado de derecho laboral en Venezuela. Facilitamos tu formaci\u00f3n o actualizaci\u00f3n en derecho laboral","breadcrumb":{"@id":"https:\/\/diazpino.com.ve\/wp\/guias\/#breadcrumb"},"inLanguage":"es","potentialAction":[{"@type":"ReadAction","target":["https:\/\/diazpino.com.ve\/wp\/guias\/"]}]},{"@type":"BreadcrumbList","@id":"https:\/\/diazpino.com.ve\/wp\/guias\/#breadcrumb","itemListElement":[{"@type":"ListItem","position":1,"name":"Home","item":"https:\/\/diazpino.com.ve\/wp\/"},{"@type":"ListItem","position":2,"name":"Gu\u00edas Derecho Laboral"}]},{"@type":"WebSite","@id":"https:\/\/diazpino.com.ve\/wp\/#website","url":"https:\/\/diazpino.com.ve\/wp\/","name":"D\u00cdAZ PINO","description":"Asesores Laborales","publisher":{"@id":"https:\/\/diazpino.com.ve\/wp\/#organization"},"potentialAction":[{"@type":"SearchAction","target":{"@type":"EntryPoint","urlTemplate":"https:\/\/diazpino.com.ve\/wp\/?s={search_term_string}"},"query-input":"required name=search_term_string"}],"inLanguage":"es"},{"@type":"Organization","@id":"https:\/\/diazpino.com.ve\/wp\/#organization","name":"D\u00cdAZ PINO","url":"https:\/\/diazpino.com.ve\/wp\/","logo":{"@type":"ImageObject","inLanguage":"es","@id":"https:\/\/diazpino.com.ve\/wp\/#\/schema\/logo\/image\/","url":"https:\/\/diazpino.com.ve\/wp\/wp-content\/uploads\/2020\/04\/cropped-Logo-DPA-transparente-Color.png","contentUrl":"https:\/\/diazpino.com.ve\/wp\/wp-content\/uploads\/2020\/04\/cropped-Logo-DPA-transparente-Color.png","width":373,"height":487,"caption":"D\u00cdAZ PINO"},"image":{"@id":"https:\/\/diazpino.com.ve\/wp\/#\/schema\/logo\/image\/"},"sameAs":["https:\/\/www.facebook.com\/diazpinoyasociados","https:\/\/x.com\/empleadoraldia","https:\/\/www.instagram.com\/diazpinoyasociados\/","https:\/\/www.linkedin.com\/in\/d\u00edazpino"]}]}},"_links":{"self":[{"href":"https:\/\/diazpino.com.ve\/wp\/wp-json\/wp\/v2\/pages\/726"}],"collection":[{"href":"https:\/\/diazpino.com.ve\/wp\/wp-json\/wp\/v2\/pages"}],"about":[{"href":"https:\/\/diazpino.com.ve\/wp\/wp-json\/wp\/v2\/types\/page"}],"author":[{"embeddable":true,"href":"https:\/\/diazpino.com.ve\/wp\/wp-json\/wp\/v2\/users\/1"}],"replies":[{"embeddable":true,"href":"https:\/\/diazpino.com.ve\/wp\/wp-json\/wp\/v2\/comments?post=726"}],"version-history":[{"count":2,"href":"https:\/\/diazpino.com.ve\/wp\/wp-json\/wp\/v2\/pages\/726\/revisions"}],"predecessor-version":[{"id":1303,"href":"https:\/\/diazpino.com.ve\/wp\/wp-json\/wp\/v2\/pages\/726\/revisions\/1303"}],"wp:attachment":[{"href":"https:\/\/diazpino.com.ve\/wp\/wp-json\/wp\/v2\/media?parent=726"}],"curies":[{"name":"wp","href":"https:\/\/api.w.org\/{rel}","templated":true}]}}